{"id":615,"date":"2019-09-18T20:20:59","date_gmt":"2019-09-18T20:20:59","guid":{"rendered":"http:\/\/localhost:8080\/abctots\/?page_id=396"},"modified":"2022-08-19T06:52:01","modified_gmt":"2022-08-19T06:52:01","slug":"contact-1","status":"publish","type":"page","link":"https:\/\/ninnicocukevi.com\/index.php\/contact-1\/","title":{"rendered":"\u0130leti\u015fim"},"content":{"rendered":"<p>[vc_row full_width=&#8221;stretch_row_content_no_spaces&#8221;][vc_column css=&#8221;.vc_custom_1567927353068{padding-bottom: 120px !important;}&#8221; klb_responsive=&#8221;.vc_custom_1567927353070{padding-bottom: 40px !important;}&#8221;]<div class=\"jumbotron jumbotron-fluid\" ><div class=\"container\" ><div class=\"jumbo-heading\" data-aos=\"fade-down\"><h1>\u0130leti\u015fim Adreslerimiz<\/h1><\/div><\/div><\/div>[\/vc_column][\/vc_row][vc_row][vc_column width=&#8221;3\/4&#8243; css=&#8221;.vc_custom_1568613656439{padding-right: 30px !important;padding-bottom: 70px !important;}&#8221; klb_responsive=&#8221;.vc_custom_1568613656441{padding-right: 15px !important;padding-bottom: 40px !important;}&#8221;][vc_row_inner][vc_column_inner][vc_custom_heading text=&#8221;Bizimle \u0130leti\u015fime Ge\u00e7in&#8221; font_container=&#8221;tag:h3|text_align:left&#8221; use_theme_fonts=&#8221;yes&#8221; el_class=&#8221;mb-2&#8243; link=&#8221;url:https%3A%2F%2Fninnicocukevi.com%2Findex.php%2Filetisim%2F|title:%C4%B0LET%C4%B0%C5%9E%C4%B0M&#8221;][vc_custom_heading text=&#8221;\u0130leti\u015fim kanallar\u0131m\u0131zdan ve adreslerimizden bize ula\u015f\u0131n&#8221; font_container=&#8221;tag:p|text_align:left&#8221; use_theme_fonts=&#8221;yes&#8221; el_class=&#8221;h7&#8243;][\/vc_column_inner][\/vc_row_inner][vc_row_inner][vc_column_inner][vc_custom_heading text=&#8221;\u00d6neri ve G\u00f6r\u00fc\u015fleriniz \u0130\u00e7in Bize Yaz\u0131n&#8221; font_container=&#8221;tag:h4|text_align:left&#8221; use_theme_fonts=&#8221;yes&#8221; el_class=&#8221;mt-5&#8243;]<div role=\"form\" class=\"wpcf7\" id=\"wpcf7-f308-o1\" lang=\"tr-TR\" dir=\"ltr\">\n<div class=\"screen-reader-response\"><p role=\"status\" aria-live=\"polite\" aria-atomic=\"true\"><\/p> <ul><\/ul><\/div>\n<form action=\"\/index.php\/wp-json\/wp\/v2\/pages\/615#wpcf7-f308-o1\" method=\"post\" class=\"wpcf7-form init\" novalidate=\"novalidate\" data-status=\"init\">\n<div style=\"display: none;\">\n<input type=\"hidden\" name=\"_wpcf7\" value=\"308\" \/>\n<input type=\"hidden\" name=\"_wpcf7_version\" value=\"5.6.2\" \/>\n<input type=\"hidden\" name=\"_wpcf7_locale\" value=\"tr_TR\" \/>\n<input type=\"hidden\" name=\"_wpcf7_unit_tag\" value=\"wpcf7-f308-o1\" \/>\n<input type=\"hidden\" name=\"_wpcf7_container_post\" value=\"0\" \/>\n<input type=\"hidden\" name=\"_wpcf7_posted_data_hash\" value=\"\" \/>\n<\/div>\n<p><label> Ad\u0131n\u0131z<br \/>\n    <span class=\"wpcf7-form-control-wrap\" data-name=\"your-name\"><input type=\"text\" name=\"your-name\" value=\"\" size=\"40\" class=\"wpcf7-form-control wpcf7-text wpcf7-validates-as-required\" aria-required=\"true\" aria-invalid=\"false\" \/><\/span> <\/label><\/p>\n<p><label> E-posta adresiniz<br \/>\n    <span class=\"wpcf7-form-control-wrap\" data-name=\"your-email\"><input type=\"email\" name=\"your-email\" value=\"\" size=\"40\" class=\"wpcf7-form-control wpcf7-text wpcf7-email wpcf7-validates-as-required wpcf7-validates-as-email\" aria-required=\"true\" aria-invalid=\"false\" \/><\/span> <\/label><\/p>\n<p><label> Konu<br \/>\n    <span class=\"wpcf7-form-control-wrap\" data-name=\"your-subject\"><input type=\"text\" name=\"your-subject\" value=\"\" size=\"40\" class=\"wpcf7-form-control wpcf7-text wpcf7-validates-as-required\" aria-required=\"true\" aria-invalid=\"false\" \/><\/span> <\/label><\/p>\n<p><label> \u0130letiniz (tercihe ba\u011fl\u0131)<br \/>\n    <span class=\"wpcf7-form-control-wrap\" data-name=\"your-message\"><textarea name=\"your-message\" cols=\"40\" rows=\"10\" class=\"wpcf7-form-control wpcf7-textarea\" aria-invalid=\"false\"><\/textarea><\/span> <\/label><\/p>\n<p><input type=\"submit\" value=\"G\u00f6nder\" class=\"wpcf7-form-control has-spinner wpcf7-submit\" \/><\/p>\n<p style=\"display: none !important;\"><label>&#916;<textarea name=\"_wpcf7_ak_hp_textarea\" cols=\"45\" rows=\"8\" maxlength=\"100\"><\/textarea><\/label><input type=\"hidden\" id=\"ak_js_1\" name=\"_wpcf7_ak_js\" value=\"84\"\/><script>document.getElementById( \"ak_js_1\" ).setAttribute( \"value\", ( new Date() ).getTime() );<\/script><\/p><div class=\"wpcf7-response-output\" aria-hidden=\"true\"><\/div><\/form><\/div>[\/vc_column_inner][\/vc_row_inner][vc_row_inner el_class=&#8221;mt-5&#8243;][vc_column_inner el_class=&#8221;mt-5&#8243; width=&#8221;1\/3&#8243;]<div class=\"contact-icon bg-secondary text-light\"><i class=\"fas fa-envelope top-icon\"><\/i><div class=\"contact-icon-info\"><h5>E-Posta Adresimiz<\/h5><p>ninnikres@gmail.com<\/p><\/div><\/div>[\/vc_column_inner][vc_column_inner el_class=&#8221;mt-5&#8243; width=&#8221;1\/3&#8243;]<div class=\"contact-icon bg-secondary text-light\"><i class=\"fas fa-map-marker top-icon\"><\/i><div class=\"contact-icon-info\"><h5>Adres<\/h5><p>\u00c7\u0131nar Mh. Haf\u0131z \u0130sa Sk. No:5 \u0130dealtepe \/ K\u00fc\u00e7\u00fckyal\u0131 \/ \u0130stanbul<\/p><\/div><\/div>[\/vc_column_inner][vc_column_inner el_class=&#8221;mt-5&#8243; width=&#8221;1\/3&#8243;]<div class=\"contact-icon bg-secondary text-light\"><i class=\"fas fa-phone top-icon\"><\/i><div class=\"contact-icon-info\"><h5>Tel- GSM<\/h5><p>0216 410 80 83 \/ 0507 772 02 47<\/p><\/div><\/div>[\/vc_column_inner][\/vc_row_inner][vc_row_inner el_class=&#8221;mt-5&#8243;][vc_column_inner][vc_column_text]<iframe loading=\"lazy\" style=\"border: 0;\" src=\"https:\/\/www.google.com\/maps\/embed?pb=!1m18!1m12!1m3!1d24107.44963516352!2d29.085821409596704!3d40.95013162561208!2m3!1f0!2f0!3f0!3m2!1i1024!2i768!4f13.1!3m3!1m2!1s0x14cac701f1ee52d9%3A0xb2278720012b7dff!2zTsSwTk7EsCBPS1VMTEFSSSBLUkXFniBWRSBBTkFPS1VMVSAyLTYgWUHFng!5e0!3m2!1str!2str!4v1660890742864!5m2!1str!2str\" width=\"600\" height=\"450\" allowfullscreen=\"allowfullscreen\"><\/iframe>[\/vc_column_text][\/vc_column_inner][\/vc_row_inner][\/vc_column][\/vc_row]<\/p>\n","protected":false},"excerpt":{"rendered":"<p>[vc_row full_width=&#8221;stretch_row_content_no_spaces&#8221;][vc_column css=&#8221;.vc_custom_1567927353068{padding-bottom: 120px !important;}&#8221; klb_responsive=&#8221;.vc_custom_1567927353070{padding-bottom: 40px !important;}&#8221;][\/vc_column][\/vc_row][vc_row][vc_column width=&#8221;3\/4&#8243; css=&#8221;.vc_custom_1568613656439{padding-right: 30px !important;padding-bottom: 70px !important;}&#8221; klb_responsive=&#8221;.vc_custom_1568613656441{padding-right: 15px !important;padding-bottom: 40px !important;}&#8221;][vc_row_inner][vc_column_inner][vc_custom_heading text=&#8221;Bizimle \u0130leti\u015fime Ge\u00e7in&#8221; font_container=&#8221;tag:h3|text_align:left&#8221; use_theme_fonts=&#8221;yes&#8221; el_class=&#8221;mb-2&#8243; link=&#8221;url:https%3A%2F%2Fninnicocukevi.com%2Findex.php%2Filetisim%2F|title:%C4%B0LET%C4%B0%C5%9E%C4%B0M&#8221;][vc_custom_heading text=&#8221;\u0130leti\u015fim kanallar\u0131m\u0131zdan ve adreslerimizden bize ula\u015f\u0131n&#8221; font_container=&#8221;tag:p|text_align:left&#8221; use_theme_fonts=&#8221;yes&#8221; el_class=&#8221;h7&#8243;][\/vc_column_inner][\/vc_row_inner][vc_row_inner][vc_column_inner][vc_custom_heading text=&#8221;\u00d6neri ve G\u00f6r\u00fc\u015fleriniz \u0130\u00e7in Bize Yaz\u0131n&#8221; font_container=&#8221;tag:h4|text_align:left&#8221; use_theme_fonts=&#8221;yes&#8221; el_class=&#8221;mt-5&#8243;][\/vc_column_inner][\/vc_row_inner][vc_row_inner el_class=&#8221;mt-5&#8243;][vc_column_inner el_class=&#8221;mt-5&#8243; width=&#8221;1\/3&#8243;][\/vc_column_inner][vc_column_inner el_class=&#8221;mt-5&#8243; width=&#8221;1\/3&#8243;][\/vc_column_inner][vc_column_inner el_class=&#8221;mt-5&#8243; width=&#8221;1\/3&#8243;][\/vc_column_inner][\/vc_row_inner][vc_row_inner el_class=&#8221;mt-5&#8243;][vc_column_inner][vc_column_text][\/vc_column_text][\/vc_column_inner][\/vc_row_inner][\/vc_column][\/vc_row]<\/p>\n","protected":false},"author":1,"featured_media":0,"parent":0,"menu_order":0,"comment_status":"closed","ping_status":"closed","template":"","meta":{"footnotes":""},"class_list":["post-615","page","type-page","status-publish","hentry","col-lg-12 mb-5"],"_links":{"self":[{"href":"https:\/\/ninnicocukevi.com\/index.php\/wp-json\/wp\/v2\/pages\/615","targetHints":{"allow":["GET"]}}],"collection":[{"href":"https:\/\/ninnicocukevi.com\/index.php\/wp-json\/wp\/v2\/pages"}],"about":[{"href":"https:\/\/ninnicocukevi.com\/index.php\/wp-json\/wp\/v2\/types\/page"}],"author":[{"embeddable":true,"href":"https:\/\/ninnicocukevi.com\/index.php\/wp-json\/wp\/v2\/users\/1"}],"replies":[{"embeddable":true,"href":"https:\/\/ninnicocukevi.com\/index.php\/wp-json\/wp\/v2\/comments?post=615"}],"version-history":[{"count":11,"href":"https:\/\/ninnicocukevi.com\/index.php\/wp-json\/wp\/v2\/pages\/615\/revisions"}],"predecessor-version":[{"id":704,"href":"https:\/\/ninnicocukevi.com\/index.php\/wp-json\/wp\/v2\/pages\/615\/revisions\/704"}],"wp:attachment":[{"href":"https:\/\/ninnicocukevi.com\/index.php\/wp-json\/wp\/v2\/media?parent=615"}],"curies":[{"name":"wp","href":"https:\/\/api.w.org\/{rel}","templated":true}]}}