{"id":75,"date":"2022-08-10T08:06:09","date_gmt":"2022-08-10T08:06:09","guid":{"rendered":"https:\/\/ninnicocukevi.com\/?page_id=75"},"modified":"2022-08-10T14:09:31","modified_gmt":"2022-08-10T14:09:31","slug":"iletisim","status":"publish","type":"page","link":"https:\/\/ninnicocukevi.com\/index.php\/iletisim\/","title":{"rendered":"\u0130LET\u0130\u015e\u0130M"},"content":{"rendered":"\n<p><strong>\u0130leti\u015fim<\/strong><\/p>\n\n\n\n<figure class=\"wp-block-table\"><table><tbody><tr><td><strong>Telefon:<\/strong><\/td><td>0216 410 80 83 \/ 384 47 45<\/td><\/tr><tr><td><strong>Gsm:<\/strong><\/td><td>0507 772 02 47<\/td><\/tr><tr><td><strong>E-Mail:<\/strong><\/td><td>ninnikres@gmail.com<\/td><\/tr><tr><td><strong>Adres:<\/strong><\/td><td>\u00c7\u0131nar Mh. Haf\u0131z \u0130sa Sk. No:5<br>\u0130dealtepe \/ K\u00fc\u00e7\u00fckyal\u0131 \/ \u0130STANBUL<\/td><\/tr><\/tbody><\/table><\/figure>\n\n\n\n<iframe src=\"https:\/\/www.google.com\/maps\/embed?pb=!1m18!1m12!1m3!1d96443.00689943507!2d28.975084616406235!3d40.941086799999994!2m3!1f0!2f0!3f0!3m2!1i1024!2i768!4f13.1!3m3!1m2!1s0x14cac701f1ee52d9%3A0xb2278720012b7dff!2zTsSwTk7EsCBPS1VMTEFSSSBLUkXFniBWRSBBTkFPS1VMVSAyLTYgWUHFng!5e0!3m2!1str!2str!4v1660119742365!5m2!1str!2str\" width=\"600\" height=\"450\" style=\"border:0;\" allowfullscreen=\"\" loading=\"lazy\" referrerpolicy=\"no-referrer-when-downgrade\"><\/iframe>\n","protected":false},"excerpt":{"rendered":"<p>\u0130leti\u015fim Telefon: 0216 410 80 83 \/ 384 47 45 Gsm: 0507 772 02 47 E-Mail: ninnikres@gmail.com Adres: \u00c7\u0131nar Mh. Haf\u0131z \u0130sa Sk. No:5\u0130dealtepe \/ K\u00fc\u00e7\u00fckyal\u0131 \/ \u0130STANBUL<\/p>\n","protected":false},"author":1,"featured_media":0,"parent":0,"menu_order":7,"comment_status":"closed","ping_status":"closed","template":"","meta":{"footnotes":""},"class_list":["post-75","page","type-page","status-publish","hentry","col-lg-12 mb-5"],"_links":{"self":[{"href":"https:\/\/ninnicocukevi.com\/index.php\/wp-json\/wp\/v2\/pages\/75","targetHints":{"allow":["GET"]}}],"collection":[{"href":"https:\/\/ninnicocukevi.com\/index.php\/wp-json\/wp\/v2\/pages"}],"about":[{"href":"https:\/\/ninnicocukevi.com\/index.php\/wp-json\/wp\/v2\/types\/page"}],"author":[{"embeddable":true,"href":"https:\/\/ninnicocukevi.com\/index.php\/wp-json\/wp\/v2\/users\/1"}],"replies":[{"embeddable":true,"href":"https:\/\/ninnicocukevi.com\/index.php\/wp-json\/wp\/v2\/comments?post=75"}],"version-history":[{"count":4,"href":"https:\/\/ninnicocukevi.com\/index.php\/wp-json\/wp\/v2\/pages\/75\/revisions"}],"predecessor-version":[{"id":84,"href":"https:\/\/ninnicocukevi.com\/index.php\/wp-json\/wp\/v2\/pages\/75\/revisions\/84"}],"wp:attachment":[{"href":"https:\/\/ninnicocukevi.com\/index.php\/wp-json\/wp\/v2\/media?parent=75"}],"curies":[{"name":"wp","href":"https:\/\/api.w.org\/{rel}","templated":true}]}}